{"id":25,"date":"2025-12-19T20:41:52","date_gmt":"2025-12-19T20:41:52","guid":{"rendered":"https:\/\/naciontvdigital.com\/?page_id=25"},"modified":"2026-01-28T21:43:47","modified_gmt":"2026-01-28T21:43:47","slug":"noticias","status":"publish","type":"page","link":"https:\/\/naciontvdigital.com\/index.php\/noticias\/","title":{"rendered":"Noticias"},"content":{"rendered":"<p>[et_pb_section fb_built=\u00bb1&#8243; _builder_version=\u00bb4.27.4&#8243; _module_preset=\u00bbdefault\u00bb background_color=\u00bb#000814&#8243; hover_enabled=\u00bb0&#8243; global_colors_info=\u00bb{}\u00bb sticky_enabled=\u00bb0&#8243;][et_pb_row _builder_version=\u00bb4.27.4&#8243; _module_preset=\u00bbdefault\u00bb global_colors_info=\u00bb{}\u00bb][et_pb_column type=\u00bb4_4&#8243; _builder_version=\u00bb4.27.4&#8243; _module_preset=\u00bbdefault\u00bb global_colors_info=\u00bb{}\u00bb][et_pb_text _builder_version=\u00bb4.27.4&#8243; _module_preset=\u00bbdefault\u00bb global_colors_info=\u00bb{}\u00bb header_font=\u00bb|800|||||||\u00bb header_text_color=\u00bb#ffda08&#8243; header_font_size=\u00bb40px\u00bb header_letter_spacing=\u00bb-2px\u00bb header_line_height=\u00bb1.2em\u00bb hover_enabled=\u00bb0&#8243; sticky_enabled=\u00bb0&#8243;]<\/p>\n<h1><strong>Categor\u00edas sugeridas<\/strong><\/h1>\n<ul>\n<li>\n<h1><span style=\"color: #ffffff;\">Pol\u00edtica<\/span><\/h1>\n<\/li>\n<li>\n<h1><span style=\"color: #ffffff;\">Sociedad<\/span><\/h1>\n<\/li>\n<li>\n<h1><span style=\"color: #ffffff;\">Econom\u00eda<\/span><\/h1>\n<\/li>\n<li>\n<h1><span style=\"color: #ffffff;\">Seguridad<\/span><\/h1>\n<\/li>\n<li>\n<h1><span style=\"color: #ffffff;\">Cultura<\/span><\/h1>\n<\/li>\n<li>\n<h1><span style=\"color: #ffffff;\">Opini\u00f3n<\/span><\/h1>\n<\/li>\n<\/ul>\n<p>[\/et_pb_text][\/et_pb_column][\/et_pb_row][\/et_pb_section]<\/p>\n","protected":false},"excerpt":{"rendered":"<p>Categor\u00edas sugeridas Pol\u00edtica Sociedad Econom\u00eda Seguridad Cultura Opini\u00f3n<\/p>\n","protected":false},"author":1,"featured_media":0,"parent":0,"menu_order":0,"comment_status":"closed","ping_status":"closed","template":"","meta":{"_et_pb_use_builder":"on","_et_pb_old_content":"<!-- wp:divi\/placeholder \/-->","_et_gb_content_width":"","footnotes":""},"class_list":["post-25","page","type-page","status-publish","hentry"],"_links":{"self":[{"href":"https:\/\/naciontvdigital.com\/index.php\/wp-json\/wp\/v2\/pages\/25","targetHints":{"allow":["GET"]}}],"collection":[{"href":"https:\/\/naciontvdigital.com\/index.php\/wp-json\/wp\/v2\/pages"}],"about":[{"href":"https:\/\/naciontvdigital.com\/index.php\/wp-json\/wp\/v2\/types\/page"}],"author":[{"embeddable":true,"href":"https:\/\/naciontvdigital.com\/index.php\/wp-json\/wp\/v2\/users\/1"}],"replies":[{"embeddable":true,"href":"https:\/\/naciontvdigital.com\/index.php\/wp-json\/wp\/v2\/comments?post=25"}],"version-history":[{"count":5,"href":"https:\/\/naciontvdigital.com\/index.php\/wp-json\/wp\/v2\/pages\/25\/revisions"}],"predecessor-version":[{"id":571,"href":"https:\/\/naciontvdigital.com\/index.php\/wp-json\/wp\/v2\/pages\/25\/revisions\/571"}],"wp:attachment":[{"href":"https:\/\/naciontvdigital.com\/index.php\/wp-json\/wp\/v2\/media?parent=25"}],"curies":[{"name":"wp","href":"https:\/\/api.w.org\/{rel}","templated":true}]}}